{"id":12419,"date":"2022-05-30T18:34:38","date_gmt":"2022-05-30T18:34:38","guid":{"rendered":"http:\/\/sifamedikalistanbul.com\/?page_id=12419"},"modified":"2022-08-02T06:48:00","modified_gmt":"2022-08-02T06:48:00","slug":"aspirator","status":"publish","type":"page","link":"http:\/\/sifamedikalistanbul.com\/?page_id=12419","title":{"rendered":"Aspirat\u00f6r"},"content":{"rendered":"\t\t<div data-elementor-type=\"wp-page\" data-elementor-id=\"12419\" class=\"elementor elementor-12419\">\n\t\t\t\t\t\t\t\t\t<section class=\"elementor-section elementor-top-section elementor-element elementor-element-8701e24 elementor-section-boxed elementor-section-height-default elementor-section-height-default\" data-id=\"8701e24\" data-element_type=\"section\">\n\t\t\t\t\t\t<div class=\"elementor-container elementor-column-gap-default\">\n\t\t\t\t\t<div class=\"elementor-column elementor-col-100 elementor-top-column elementor-element elementor-element-86e0830\" data-id=\"86e0830\" data-element_type=\"column\">\n\t\t\t<div class=\"elementor-widget-wrap elementor-element-populated\">\n\t\t\t\t\t\t\t\t<div class=\"elementor-element elementor-element-ac0e9f5 elementor-widget elementor-widget-image\" data-id=\"ac0e9f5\" data-element_type=\"widget\" data-widget_type=\"image.default\">\n\t\t\t\t<div class=\"elementor-widget-container\">\n\t\t\t<style>\/*! elementor - v3.10.1 - 17-01-2023 *\/\n.elementor-widget-image{text-align:center}.elementor-widget-image a{display:inline-block}.elementor-widget-image a img[src$=\".svg\"]{width:48px}.elementor-widget-image img{vertical-align:middle;display:inline-block}<\/style>\t\t\t\t\t\t\t\t\t\t\t\t<img loading=\"lazy\" decoding=\"async\" width=\"768\" height=\"576\" src=\"http:\/\/sifamedikalistanbul.com\/wp-content\/uploads\/2022\/06\/aspirator-768x576.jpeg\" class=\"attachment-medium_large size-medium_large wp-image-14249\" alt=\"\" srcset=\"http:\/\/sifamedikalistanbul.com\/wp-content\/uploads\/2022\/06\/aspirator-768x576.jpeg 768w, http:\/\/sifamedikalistanbul.com\/wp-content\/uploads\/2022\/06\/aspirator-300x225.jpeg 300w, http:\/\/sifamedikalistanbul.com\/wp-content\/uploads\/2022\/06\/aspirator-1024x768.jpeg 1024w, http:\/\/sifamedikalistanbul.com\/wp-content\/uploads\/2022\/06\/aspirator-1536x1152.jpeg 1536w, http:\/\/sifamedikalistanbul.com\/wp-content\/uploads\/2022\/06\/aspirator.jpeg 1600w\" sizes=\"auto, 100vw\" \/>\t\t\t\t\t\t\t\t\t\t\t\t\t\t\t<\/div>\n\t\t\t\t<\/div>\n\t\t\t\t\t<\/div>\n\t\t<\/div>\n\t\t\t\t\t\t\t<\/div>\n\t\t<\/section>\n\t\t\t\t<section class=\"elementor-section elementor-top-section elementor-element elementor-element-7a8c633 elementor-section-boxed elementor-section-height-default elementor-section-height-default\" data-id=\"7a8c633\" data-element_type=\"section\">\n\t\t\t\t\t\t<div class=\"elementor-container elementor-column-gap-default\">\n\t\t\t\t\t<div class=\"elementor-column elementor-col-100 elementor-top-column elementor-element elementor-element-108deb7\" data-id=\"108deb7\" data-element_type=\"column\">\n\t\t\t<div class=\"elementor-widget-wrap elementor-element-populated\">\n\t\t\t\t\t\t\t\t<div class=\"elementor-element elementor-element-6f0bf84 elementor-widget elementor-widget-heading\" data-id=\"6f0bf84\" data-element_type=\"widget\" data-widget_type=\"heading.default\">\n\t\t\t\t<div class=\"elementor-widget-container\">\n\t\t\t<style>\/*! elementor - v3.10.1 - 17-01-2023 *\/\n.elementor-heading-title{padding:0;margin:0;line-height:1}.elementor-widget-heading .elementor-heading-title[class*=elementor-size-]>a{color:inherit;font-size:inherit;line-height:inherit}.elementor-widget-heading .elementor-heading-title.elementor-size-small{font-size:15px}.elementor-widget-heading .elementor-heading-title.elementor-size-medium{font-size:19px}.elementor-widget-heading .elementor-heading-title.elementor-size-large{font-size:29px}.elementor-widget-heading .elementor-heading-title.elementor-size-xl{font-size:39px}.elementor-widget-heading .elementor-heading-title.elementor-size-xxl{font-size:59px}<\/style><h2 class=\"elementor-heading-title elementor-size-default\">Aspirat\u00f6r cihaz\u0131 nedir?<\/h2>\t\t<\/div>\n\t\t\t\t<\/div>\n\t\t\t\t<div class=\"elementor-element elementor-element-95e007f elementor-widget elementor-widget-text-editor\" data-id=\"95e007f\" data-element_type=\"widget\" data-widget_type=\"text-editor.default\">\n\t\t\t\t<div class=\"elementor-widget-container\">\n\t\t\t<style>\/*! elementor - v3.10.1 - 17-01-2023 *\/\n.elementor-widget-text-editor.elementor-drop-cap-view-stacked .elementor-drop-cap{background-color:#818a91;color:#fff}.elementor-widget-text-editor.elementor-drop-cap-view-framed .elementor-drop-cap{color:#818a91;border:3px solid;background-color:transparent}.elementor-widget-text-editor:not(.elementor-drop-cap-view-default) .elementor-drop-cap{margin-top:8px}.elementor-widget-text-editor:not(.elementor-drop-cap-view-default) .elementor-drop-cap-letter{width:1em;height:1em}.elementor-widget-text-editor .elementor-drop-cap{float:left;text-align:center;line-height:1;font-size:50px}.elementor-widget-text-editor .elementor-drop-cap-letter{display:inline-block}<\/style>\t\t\t\t<p><b>\u00a0Medikal aspirat\u00f6r cihaz\u0131<\/b>, ad\u0131ndan da anla\u015f\u0131laca\u011f\u0131 \u00fczere vakum y\u00f6ntemiyle \u00e7al\u0131\u015fan bir medikal ekipmand\u0131r. Hastanelerde genellikle yo\u011fun bak\u0131m odalar\u0131nda, acil servis ve \u00fcnitelerinde ya da ameliyathanelerde aspirat\u00f6r cihaz\u0131 yayg\u0131n bir \u015fekilde kullan\u0131l\u0131r. Deneyimli t\u0131bbi personel taraf\u0131ndan kullan\u0131lmas\u0131 gereken bu cihaz, vakum y\u00f6ntemiyle hastadan \u00e7ekilmesi gereken partik\u00fclleri \u00e7eker. Gerekti\u011fi durumlarda evlerde de t\u0131bbi medikal m\u00fcdahale durumunda kullan\u0131labilir.<\/p>\t\t\t\t\t\t<\/div>\n\t\t\t\t<\/div>\n\t\t\t\t\t<\/div>\n\t\t<\/div>\n\t\t\t\t\t\t\t<\/div>\n\t\t<\/section>\n\t\t\t\t<section class=\"elementor-section elementor-top-section elementor-element elementor-element-d95f3f1 elementor-section-boxed elementor-section-height-default elementor-section-height-default\" data-id=\"d95f3f1\" data-element_type=\"section\">\n\t\t\t\t\t\t<div class=\"elementor-container elementor-column-gap-default\">\n\t\t\t\t\t<div class=\"elementor-column elementor-col-100 elementor-top-column elementor-element elementor-element-f98cc33\" data-id=\"f98cc33\" data-element_type=\"column\">\n\t\t\t<div class=\"elementor-widget-wrap elementor-element-populated\">\n\t\t\t\t\t\t\t\t<div class=\"elementor-element elementor-element-8ba7334 elementor-widget elementor-widget-heading\" data-id=\"8ba7334\" data-element_type=\"widget\" data-widget_type=\"heading.default\">\n\t\t\t\t<div class=\"elementor-widget-container\">\n\t\t\t<h2 class=\"elementor-heading-title elementor-size-default\">Ne \u0130\u015fe Yarar? Nas\u0131l Kullan\u0131l\u0131r?<\/h2>\t\t<\/div>\n\t\t\t\t<\/div>\n\t\t\t\t<div class=\"elementor-element elementor-element-b375ef2 elementor-widget elementor-widget-text-editor\" data-id=\"b375ef2\" data-element_type=\"widget\" data-widget_type=\"text-editor.default\">\n\t\t\t\t<div class=\"elementor-widget-container\">\n\t\t\t\t\t\t\t<p><strong>\u00a0Aspirasyon \/ Aspirat\u00f6r Cihazlar\u0131<\/strong>, toplama \u015fi\u015fesine ba\u011flanan hortumlar arac\u0131l\u0131\u011f\u0131yla s\u0131v\u0131y\u0131 v\u00fccuttan \u00e7\u0131karmak i\u00e7in negatif bas\u0131n\u00e7 olu\u015fturarak \u00e7al\u0131\u015f\u0131r. Ta\u015f\u0131nabilir emi\u015f tertibat\u0131, hava yolundan s\u0131v\u0131y\u0131 uzakla\u015ft\u0131ran ayarlanabilir bir ak\u0131\u015f d\u00fczenleyiciye sahiptir. Bir kaza b\u00f6lgesinden uzakla\u015farak enkaz veya enfeksiyonu temizlemek i\u00e7in de kullan\u0131labilir.<\/p>\n<p><strong>\u00a0Aspirasyon sondalar\u0131<\/strong> herhangi bir s\u0131v\u0131n\u0131n hava yolunu temizlemek i\u00e7in solunum makineleri ile birlikte aspirasyon cihazlar\u0131 ile kullan\u0131l\u0131r. Aspirasyon cihaz\u0131, bir yankuer set veya bir aspirasyon hortumu ile aspirasyon sondalar\u0131ndan olu\u015fur. A\u011f\u0131z ve bo\u011faz dokusunun zarar g\u00f6rmesini \u00f6nlemek i\u00e7in bir yankuer set ucu hafif\u00e7e b\u00fck\u00fcl\u00fcr. Bir aspirasyon sondas\u0131, maksimum hava ak\u0131\u015f\u0131n\u0131 sa\u011flamak i\u00e7in b\u00fcy\u00fck y\u00fckseltilmi\u015f bir hava bas\u0131nc\u0131na sahiptir. Aspirasyon cihaz\u0131nda bulunan kavanoz ayr\u0131ca bir toplama(s\u0131v\u0131-mukus) kab\u0131 olup t\u00fcm s\u0131v\u0131y\u0131 toplama i\u015fini sa\u011flar.<\/p>\t\t\t\t\t\t<\/div>\n\t\t\t\t<\/div>\n\t\t\t\t\t<\/div>\n\t\t<\/div>\n\t\t\t\t\t\t\t<\/div>\n\t\t<\/section>\n\t\t\t\t<section class=\"elementor-section elementor-top-section elementor-element elementor-element-37336890 elementor-section-boxed elementor-section-height-default elementor-section-height-default\" data-id=\"37336890\" data-element_type=\"section\">\n\t\t\t\t\t\t<div class=\"elementor-container elementor-column-gap-default\">\n\t\t\t\t\t<div class=\"elementor-column elementor-col-100 elementor-top-column elementor-element elementor-element-31ccb933\" data-id=\"31ccb933\" data-element_type=\"column\">\n\t\t\t<div class=\"elementor-widget-wrap elementor-element-populated\">\n\t\t\t\t\t\t\t\t<div class=\"elementor-element elementor-element-8f4d87b elementor-widget elementor-widget-spacer\" data-id=\"8f4d87b\" data-element_type=\"widget\" data-widget_type=\"spacer.default\">\n\t\t\t\t<div class=\"elementor-widget-container\">\n\t\t\t<style>\/*! elementor - v3.10.1 - 17-01-2023 *\/\n.elementor-column .elementor-spacer-inner{height:var(--spacer-size)}.e-con{--container-widget-width:100%}.e-con-inner>.elementor-widget-spacer,.e-con>.elementor-widget-spacer{width:var(--container-widget-width,var(--spacer-size));--align-self:var(--container-widget-align-self,initial);--flex-shrink:0}.e-con-inner>.elementor-widget-spacer>.elementor-widget-container,.e-con-inner>.elementor-widget-spacer>.elementor-widget-container>.elementor-spacer,.e-con>.elementor-widget-spacer>.elementor-widget-container,.e-con>.elementor-widget-spacer>.elementor-widget-container>.elementor-spacer{height:100%}.e-con-inner>.elementor-widget-spacer>.elementor-widget-container>.elementor-spacer>.elementor-spacer-inner,.e-con>.elementor-widget-spacer>.elementor-widget-container>.elementor-spacer>.elementor-spacer-inner{height:var(--container-widget-height,var(--spacer-size))}<\/style>\t\t<div class=\"elementor-spacer\">\n\t\t\t<div class=\"elementor-spacer-inner\"><\/div>\n\t\t<\/div>\n\t\t\t\t<\/div>\n\t\t\t\t<\/div>\n\t\t\t\t<div class=\"elementor-element elementor-element-31417fc4 elementor-widget elementor-widget-heading\" data-id=\"31417fc4\" data-element_type=\"widget\" data-widget_type=\"heading.default\">\n\t\t\t\t<div class=\"elementor-widget-container\">\n\t\t\t<h2 class=\"elementor-heading-title elementor-size-default\">Sipari\u015f ve Destek Hatt\u0131<\/h2>\t\t<\/div>\n\t\t\t\t<\/div>\n\t\t\t\t<div class=\"elementor-element elementor-element-a378f52 elementor-widget elementor-widget-text-editor\" data-id=\"a378f52\" data-element_type=\"widget\" data-widget_type=\"text-editor.default\">\n\t\t\t\t<div class=\"elementor-widget-container\">\n\t\t\t\t\t\t\t<p style=\"margin: 0cm 0cm 15pt; background-image: initial; background-position: initial; background-size: initial; background-repeat: initial; background-attachment: initial; background-origin: initial; background-clip: initial;\"><span style=\"font-size: 36pt; font-family: 'Times New Roman', serif; color: #703faf;\">\u2022<\/span><span style=\"font-family: Basic, serif;\">\u00a0Tel: 0216 561 27 27<\/span><\/p>\n<p style=\"margin: 0cm 0cm 15pt; background-image: initial; background-position: initial; background-size: initial; background-repeat: initial; background-attachment: initial; background-origin: initial; background-clip: initial;\"><span style=\"font-size: 36pt; font-family: 'Times New Roman', serif; color: #703faf;\">\u2022<\/span><span style=\"font-size: 12pt; font-family: Basic, serif;\"> Whatsapp: 0553 869 71 27<\/span><\/p>\n<p style=\"margin: 0cm 0cm 15pt; background-image: initial; background-position: initial; background-size: initial; background-repeat: initial; background-attachment: initial; background-origin: initial; background-clip: initial;\"><span style=\"font-size: 36pt; font-family: 'Times New Roman', serif; color: #703faf;\">\u2022<\/span><span style=\"font-size: 12pt; font-family: Basic, serif;\"> E-Mail: sifamedikal@medikaloksijen.com<\/span><\/p>\t\t\t\t\t\t<\/div>\n\t\t\t\t<\/div>\n\t\t\t\t\t<\/div>\n\t\t<\/div>\n\t\t\t\t\t\t\t<\/div>\n\t\t<\/section>\n\t\t\t\t\t\t\t<\/div>\n\t\t","protected":false},"excerpt":{"rendered":"<p>Aspirat\u00f6r cihaz\u0131 nedir? \u00a0Medikal aspirat\u00f6r cihaz\u0131, ad\u0131ndan da anla\u015f\u0131laca\u011f\u0131 \u00fczere vakum y\u00f6ntemiyle \u00e7al\u0131\u015fan bir medikal ekipmand\u0131r. Hastanelerde genellikle yo\u011fun bak\u0131m odalar\u0131nda, acil servis ve \u00fcnitelerinde ya da ameliyathanelerde aspirat\u00f6r cihaz\u0131 yayg\u0131n bir \u015fekilde kullan\u0131l\u0131r. Deneyimli t\u0131bbi personel taraf\u0131ndan kullan\u0131lmas\u0131 gereken bu cihaz, vakum y\u00f6ntemiyle hastadan \u00e7ekilmesi gereken partik\u00fclleri \u00e7eker. Gerekti\u011fi durumlarda evlerde de t\u0131bbi medikal &hellip; <\/p>\n<p class=\"link-more\"><a href=\"http:\/\/sifamedikalistanbul.com\/?page_id=12419\" class=\"more-link\"><span class=\"screen-reader-text\"> &#8220;Aspirat\u00f6r&#8221;<\/span>devam\u0131n\u0131 oku<\/a><\/p>\n","protected":false},"author":1,"featured_media":0,"parent":0,"menu_order":0,"comment_status":"closed","ping_status":"closed","template":"","meta":{"footnotes":""},"class_list":["post-12419","page","type-page","status-publish","hentry"],"_links":{"self":[{"href":"http:\/\/sifamedikalistanbul.com\/index.php?rest_route=\/wp\/v2\/pages\/12419","targetHints":{"allow":["GET"]}}],"collection":[{"href":"http:\/\/sifamedikalistanbul.com\/index.php?rest_route=\/wp\/v2\/pages"}],"about":[{"href":"http:\/\/sifamedikalistanbul.com\/index.php?rest_route=\/wp\/v2\/types\/page"}],"author":[{"embeddable":true,"href":"http:\/\/sifamedikalistanbul.com\/index.php?rest_route=\/wp\/v2\/users\/1"}],"replies":[{"embeddable":true,"href":"http:\/\/sifamedikalistanbul.com\/index.php?rest_route=%2Fwp%2Fv2%2Fcomments&post=12419"}],"version-history":[{"count":16,"href":"http:\/\/sifamedikalistanbul.com\/index.php?rest_route=\/wp\/v2\/pages\/12419\/revisions"}],"predecessor-version":[{"id":15784,"href":"http:\/\/sifamedikalistanbul.com\/index.php?rest_route=\/wp\/v2\/pages\/12419\/revisions\/15784"}],"wp:attachment":[{"href":"http:\/\/sifamedikalistanbul.com\/index.php?rest_route=%2Fwp%2Fv2%2Fmedia&parent=12419"}],"curies":[{"name":"wp","href":"https:\/\/api.w.org\/{rel}","templated":true}]}}