{"id":12397,"date":"2022-05-30T18:30:52","date_gmt":"2022-05-30T18:30:52","guid":{"rendered":"http:\/\/sifamedikalistanbul.com\/?page_id=12397"},"modified":"2022-06-06T18:54:53","modified_gmt":"2022-06-06T18:54:53","slug":"kol-ve-omuz-destekleyiciler","status":"publish","type":"page","link":"http:\/\/sifamedikalistanbul.com\/?page_id=12397","title":{"rendered":"Kol ve Omuz Destekleyiciler"},"content":{"rendered":"\t\t<div data-elementor-type=\"wp-page\" data-elementor-id=\"12397\" class=\"elementor elementor-12397\">\n\t\t\t\t\t\t\t\t\t<section class=\"elementor-section elementor-top-section elementor-element elementor-element-7bc3ae30 elementor-section-boxed elementor-section-height-default elementor-section-height-default\" data-id=\"7bc3ae30\" data-element_type=\"section\">\n\t\t\t\t\t\t<div class=\"elementor-container elementor-column-gap-default\">\n\t\t\t\t\t<div class=\"elementor-column elementor-col-33 elementor-top-column elementor-element elementor-element-4a999426\" data-id=\"4a999426\" data-element_type=\"column\">\n\t\t\t<div class=\"elementor-widget-wrap elementor-element-populated\">\n\t\t\t\t\t\t\t\t<div class=\"elementor-element elementor-element-33a8c028 elementor-invisible elementor-widget elementor-widget-image\" data-id=\"33a8c028\" data-element_type=\"widget\" data-settings=\"{&quot;_animation&quot;:&quot;fadeIn&quot;}\" data-widget_type=\"image.default\">\n\t\t\t\t<div class=\"elementor-widget-container\">\n\t\t\t<style>\/*! elementor - v3.10.1 - 17-01-2023 *\/\n.elementor-widget-image{text-align:center}.elementor-widget-image a{display:inline-block}.elementor-widget-image a img[src$=\".svg\"]{width:48px}.elementor-widget-image img{vertical-align:middle;display:inline-block}<\/style>\t\t\t\t\t\t\t\t\t<figure class=\"wp-caption\">\n\t\t\t\t\t\t\t\t\t\t\t<a href=\"http:\/\/sifamedikalistanbul.com\/?p=13604\">\n\t\t\t\t\t\t\t<img loading=\"lazy\" decoding=\"async\" width=\"200\" height=\"300\" src=\"http:\/\/sifamedikalistanbul.com\/wp-content\/uploads\/2022\/05\/clavicula-bandaji-siyah-1-200x300.jpg\" class=\"elementor-animation-grow attachment-medium size-medium wp-image-12614\" alt=\"\" srcset=\"http:\/\/sifamedikalistanbul.com\/wp-content\/uploads\/2022\/05\/clavicula-bandaji-siyah-1-200x300.jpg 200w, http:\/\/sifamedikalistanbul.com\/wp-content\/uploads\/2022\/05\/clavicula-bandaji-siyah-1-683x1024.jpg 683w, http:\/\/sifamedikalistanbul.com\/wp-content\/uploads\/2022\/05\/clavicula-bandaji-siyah-1-768x1152.jpg 768w, http:\/\/sifamedikalistanbul.com\/wp-content\/uploads\/2022\/05\/clavicula-bandaji-siyah-1-1024x1536.jpg 1024w, http:\/\/sifamedikalistanbul.com\/wp-content\/uploads\/2022\/05\/clavicula-bandaji-siyah-1.jpg 1200w\" sizes=\"auto, 100vw\" \/>\t\t\t\t\t\t\t\t<\/a>\n\t\t\t\t\t\t\t\t\t\t\t<figcaption class=\"widget-image-caption wp-caption-text\">Clavicula Bandaj\u0131<\/figcaption>\n\t\t\t\t\t\t\t\t\t\t<\/figure>\n\t\t\t\t\t\t\t\t\t<\/div>\n\t\t\t\t<\/div>\n\t\t\t\t\t<\/div>\n\t\t<\/div>\n\t\t\t\t<div class=\"elementor-column elementor-col-33 elementor-top-column elementor-element elementor-element-3953a2e2\" data-id=\"3953a2e2\" data-element_type=\"column\">\n\t\t\t<div class=\"elementor-widget-wrap elementor-element-populated\">\n\t\t\t\t\t\t\t\t<div class=\"elementor-element elementor-element-2c28ad26 elementor-invisible elementor-widget elementor-widget-image\" data-id=\"2c28ad26\" data-element_type=\"widget\" data-settings=\"{&quot;_animation&quot;:&quot;fadeIn&quot;}\" data-widget_type=\"image.default\">\n\t\t\t\t<div class=\"elementor-widget-container\">\n\t\t\t\t\t\t\t\t\t\t\t\t<figure class=\"wp-caption\">\n\t\t\t\t\t\t\t\t\t\t\t<a href=\"http:\/\/sifamedikalistanbul.com\/?p=13613\">\n\t\t\t\t\t\t\t<img loading=\"lazy\" decoding=\"async\" width=\"200\" height=\"300\" src=\"http:\/\/sifamedikalistanbul.com\/wp-content\/uploads\/2022\/05\/clavicula-bandaji-ten-200x300.jpg\" class=\"elementor-animation-grow attachment-medium size-medium wp-image-12615\" alt=\"\" srcset=\"http:\/\/sifamedikalistanbul.com\/wp-content\/uploads\/2022\/05\/clavicula-bandaji-ten-200x300.jpg 200w, http:\/\/sifamedikalistanbul.com\/wp-content\/uploads\/2022\/05\/clavicula-bandaji-ten-683x1024.jpg 683w, http:\/\/sifamedikalistanbul.com\/wp-content\/uploads\/2022\/05\/clavicula-bandaji-ten-768x1152.jpg 768w, http:\/\/sifamedikalistanbul.com\/wp-content\/uploads\/2022\/05\/clavicula-bandaji-ten-1024x1536.jpg 1024w, http:\/\/sifamedikalistanbul.com\/wp-content\/uploads\/2022\/05\/clavicula-bandaji-ten.jpg 1200w\" sizes=\"auto, 100vw\" \/>\t\t\t\t\t\t\t\t<\/a>\n\t\t\t\t\t\t\t\t\t\t\t<figcaption class=\"widget-image-caption wp-caption-text\">Clavicula Bandaj\u0131 Ten Rengi<\/figcaption>\n\t\t\t\t\t\t\t\t\t\t<\/figure>\n\t\t\t\t\t\t\t\t\t<\/div>\n\t\t\t\t<\/div>\n\t\t\t\t\t<\/div>\n\t\t<\/div>\n\t\t\t\t<div class=\"elementor-column elementor-col-33 elementor-top-column elementor-element elementor-element-7d8e4434\" data-id=\"7d8e4434\" data-element_type=\"column\">\n\t\t\t<div class=\"elementor-widget-wrap elementor-element-populated\">\n\t\t\t\t\t\t\t\t<div class=\"elementor-element elementor-element-75c4d62d elementor-invisible elementor-widget elementor-widget-image\" data-id=\"75c4d62d\" data-element_type=\"widget\" data-settings=\"{&quot;_animation&quot;:&quot;fadeIn&quot;}\" data-widget_type=\"image.default\">\n\t\t\t\t<div class=\"elementor-widget-container\">\n\t\t\t\t\t\t\t\t\t\t\t\t<figure class=\"wp-caption\">\n\t\t\t\t\t\t\t\t\t\t\t<a href=\"http:\/\/sifamedikalistanbul.com\/?p=13623\">\n\t\t\t\t\t\t\t<img loading=\"lazy\" decoding=\"async\" width=\"200\" height=\"300\" src=\"http:\/\/sifamedikalistanbul.com\/wp-content\/uploads\/2022\/05\/humerus-breysi-1-200x300.jpg\" class=\"elementor-animation-grow attachment-medium size-medium wp-image-12616\" alt=\"\" srcset=\"http:\/\/sifamedikalistanbul.com\/wp-content\/uploads\/2022\/05\/humerus-breysi-1-200x300.jpg 200w, http:\/\/sifamedikalistanbul.com\/wp-content\/uploads\/2022\/05\/humerus-breysi-1-683x1024.jpg 683w, http:\/\/sifamedikalistanbul.com\/wp-content\/uploads\/2022\/05\/humerus-breysi-1-768x1152.jpg 768w, http:\/\/sifamedikalistanbul.com\/wp-content\/uploads\/2022\/05\/humerus-breysi-1-1024x1536.jpg 1024w, http:\/\/sifamedikalistanbul.com\/wp-content\/uploads\/2022\/05\/humerus-breysi-1.jpg 1200w\" sizes=\"auto, 100vw\" \/>\t\t\t\t\t\t\t\t<\/a>\n\t\t\t\t\t\t\t\t\t\t\t<figcaption class=\"widget-image-caption wp-caption-text\">Humerus Breysi<\/figcaption>\n\t\t\t\t\t\t\t\t\t\t<\/figure>\n\t\t\t\t\t\t\t\t\t<\/div>\n\t\t\t\t<\/div>\n\t\t\t\t\t<\/div>\n\t\t<\/div>\n\t\t\t\t\t\t\t<\/div>\n\t\t<\/section>\n\t\t\t\t<section class=\"elementor-section elementor-top-section elementor-element elementor-element-38341bd elementor-section-boxed elementor-section-height-default elementor-section-height-default\" data-id=\"38341bd\" data-element_type=\"section\">\n\t\t\t\t\t\t<div class=\"elementor-container elementor-column-gap-default\">\n\t\t\t\t\t<div class=\"elementor-column elementor-col-33 elementor-top-column elementor-element elementor-element-c7fdac8\" data-id=\"c7fdac8\" data-element_type=\"column\">\n\t\t\t<div class=\"elementor-widget-wrap elementor-element-populated\">\n\t\t\t\t\t\t\t\t<div class=\"elementor-element elementor-element-f280a61 elementor-invisible elementor-widget elementor-widget-image\" data-id=\"f280a61\" data-element_type=\"widget\" data-settings=\"{&quot;_animation&quot;:&quot;fadeIn&quot;}\" data-widget_type=\"image.default\">\n\t\t\t\t<div class=\"elementor-widget-container\">\n\t\t\t\t\t\t\t\t\t\t\t\t<figure class=\"wp-caption\">\n\t\t\t\t\t\t\t\t\t\t\t<a href=\"http:\/\/sifamedikalistanbul.com\/?p=13638\">\n\t\t\t\t\t\t\t<img loading=\"lazy\" decoding=\"async\" width=\"200\" height=\"300\" src=\"http:\/\/sifamedikalistanbul.com\/wp-content\/uploads\/2022\/05\/kol-askisi-fileli-1-200x300.jpg\" class=\"elementor-animation-grow attachment-medium size-medium wp-image-12617\" alt=\"\" srcset=\"http:\/\/sifamedikalistanbul.com\/wp-content\/uploads\/2022\/05\/kol-askisi-fileli-1-200x300.jpg 200w, http:\/\/sifamedikalistanbul.com\/wp-content\/uploads\/2022\/05\/kol-askisi-fileli-1-683x1024.jpg 683w, http:\/\/sifamedikalistanbul.com\/wp-content\/uploads\/2022\/05\/kol-askisi-fileli-1-768x1152.jpg 768w, http:\/\/sifamedikalistanbul.com\/wp-content\/uploads\/2022\/05\/kol-askisi-fileli-1-1024x1536.jpg 1024w, http:\/\/sifamedikalistanbul.com\/wp-content\/uploads\/2022\/05\/kol-askisi-fileli-1.jpg 1200w\" sizes=\"auto, 100vw\" \/>\t\t\t\t\t\t\t\t<\/a>\n\t\t\t\t\t\t\t\t\t\t\t<figcaption class=\"widget-image-caption wp-caption-text\">Kol Ask\u0131s\u0131 Fileli<\/figcaption>\n\t\t\t\t\t\t\t\t\t\t<\/figure>\n\t\t\t\t\t\t\t\t\t<\/div>\n\t\t\t\t<\/div>\n\t\t\t\t\t<\/div>\n\t\t<\/div>\n\t\t\t\t<div class=\"elementor-column elementor-col-33 elementor-top-column elementor-element elementor-element-04fe666\" data-id=\"04fe666\" data-element_type=\"column\">\n\t\t\t<div class=\"elementor-widget-wrap elementor-element-populated\">\n\t\t\t\t\t\t\t\t<div class=\"elementor-element elementor-element-bbdefe9 elementor-invisible elementor-widget elementor-widget-image\" data-id=\"bbdefe9\" data-element_type=\"widget\" data-settings=\"{&quot;_animation&quot;:&quot;fadeIn&quot;}\" data-widget_type=\"image.default\">\n\t\t\t\t<div class=\"elementor-widget-container\">\n\t\t\t\t\t\t\t\t\t\t\t\t<figure class=\"wp-caption\">\n\t\t\t\t\t\t\t\t\t\t\t<a href=\"http:\/\/sifamedikalistanbul.com\/?p=13646\">\n\t\t\t\t\t\t\t<img loading=\"lazy\" decoding=\"async\" width=\"200\" height=\"300\" src=\"http:\/\/sifamedikalistanbul.com\/wp-content\/uploads\/2022\/05\/kol-askisi-200x300.jpg\" class=\"elementor-animation-grow attachment-medium size-medium wp-image-12618\" alt=\"\" srcset=\"http:\/\/sifamedikalistanbul.com\/wp-content\/uploads\/2022\/05\/kol-askisi-200x300.jpg 200w, http:\/\/sifamedikalistanbul.com\/wp-content\/uploads\/2022\/05\/kol-askisi-683x1024.jpg 683w, http:\/\/sifamedikalistanbul.com\/wp-content\/uploads\/2022\/05\/kol-askisi-768x1152.jpg 768w, http:\/\/sifamedikalistanbul.com\/wp-content\/uploads\/2022\/05\/kol-askisi-1024x1536.jpg 1024w, http:\/\/sifamedikalistanbul.com\/wp-content\/uploads\/2022\/05\/kol-askisi.jpg 1200w\" sizes=\"auto, 100vw\" \/>\t\t\t\t\t\t\t\t<\/a>\n\t\t\t\t\t\t\t\t\t\t\t<figcaption class=\"widget-image-caption wp-caption-text\">Kol Ask\u0131s\u0131<\/figcaption>\n\t\t\t\t\t\t\t\t\t\t<\/figure>\n\t\t\t\t\t\t\t\t\t<\/div>\n\t\t\t\t<\/div>\n\t\t\t\t\t<\/div>\n\t\t<\/div>\n\t\t\t\t<div class=\"elementor-column elementor-col-33 elementor-top-column elementor-element elementor-element-f88f3a8\" data-id=\"f88f3a8\" data-element_type=\"column\">\n\t\t\t<div class=\"elementor-widget-wrap elementor-element-populated\">\n\t\t\t\t\t\t\t\t<div class=\"elementor-element elementor-element-79915a7 elementor-invisible elementor-widget elementor-widget-image\" data-id=\"79915a7\" data-element_type=\"widget\" data-settings=\"{&quot;_animation&quot;:&quot;fadeIn&quot;}\" data-widget_type=\"image.default\">\n\t\t\t\t<div class=\"elementor-widget-container\">\n\t\t\t\t\t\t\t\t\t\t\t\t<figure class=\"wp-caption\">\n\t\t\t\t\t\t\t\t\t\t\t<a href=\"http:\/\/sifamedikalistanbul.com\/?p=13653\">\n\t\t\t\t\t\t\t<img loading=\"lazy\" decoding=\"async\" width=\"200\" height=\"300\" src=\"http:\/\/sifamedikalistanbul.com\/wp-content\/uploads\/2022\/05\/kol-kontroktur-ortezi-askisiz-200x300.jpg\" class=\"elementor-animation-grow attachment-medium size-medium wp-image-12619\" alt=\"\" srcset=\"http:\/\/sifamedikalistanbul.com\/wp-content\/uploads\/2022\/05\/kol-kontroktur-ortezi-askisiz-200x300.jpg 200w, http:\/\/sifamedikalistanbul.com\/wp-content\/uploads\/2022\/05\/kol-kontroktur-ortezi-askisiz-683x1024.jpg 683w, http:\/\/sifamedikalistanbul.com\/wp-content\/uploads\/2022\/05\/kol-kontroktur-ortezi-askisiz-768x1152.jpg 768w, http:\/\/sifamedikalistanbul.com\/wp-content\/uploads\/2022\/05\/kol-kontroktur-ortezi-askisiz-1024x1536.jpg 1024w, http:\/\/sifamedikalistanbul.com\/wp-content\/uploads\/2022\/05\/kol-kontroktur-ortezi-askisiz.jpg 1200w\" sizes=\"auto, 100vw\" \/>\t\t\t\t\t\t\t\t<\/a>\n\t\t\t\t\t\t\t\t\t\t\t<figcaption class=\"widget-image-caption wp-caption-text\">Kol Kontrokt\u00fcr Ortezi Ask\u0131s\u0131z<\/figcaption>\n\t\t\t\t\t\t\t\t\t\t<\/figure>\n\t\t\t\t\t\t\t\t\t<\/div>\n\t\t\t\t<\/div>\n\t\t\t\t\t<\/div>\n\t\t<\/div>\n\t\t\t\t\t\t\t<\/div>\n\t\t<\/section>\n\t\t\t\t<section class=\"elementor-section elementor-top-section elementor-element elementor-element-62b1bec elementor-section-boxed elementor-section-height-default elementor-section-height-default\" data-id=\"62b1bec\" data-element_type=\"section\">\n\t\t\t\t\t\t<div class=\"elementor-container elementor-column-gap-default\">\n\t\t\t\t\t<div class=\"elementor-column elementor-col-33 elementor-top-column elementor-element elementor-element-a784fb7\" data-id=\"a784fb7\" data-element_type=\"column\">\n\t\t\t<div class=\"elementor-widget-wrap elementor-element-populated\">\n\t\t\t\t\t\t\t\t<div class=\"elementor-element elementor-element-5334172 elementor-invisible elementor-widget elementor-widget-image\" data-id=\"5334172\" data-element_type=\"widget\" data-settings=\"{&quot;_animation&quot;:&quot;fadeIn&quot;}\" data-widget_type=\"image.default\">\n\t\t\t\t<div class=\"elementor-widget-container\">\n\t\t\t\t\t\t\t\t\t\t\t\t<figure class=\"wp-caption\">\n\t\t\t\t\t\t\t\t\t\t\t<a href=\"http:\/\/sifamedikalistanbul.com\/?p=13661\">\n\t\t\t\t\t\t\t<img loading=\"lazy\" decoding=\"async\" width=\"200\" height=\"300\" src=\"http:\/\/sifamedikalistanbul.com\/wp-content\/uploads\/2022\/05\/kol-kontroktur-ortezi-1-200x300.jpg\" class=\"elementor-animation-grow attachment-medium size-medium wp-image-12620\" alt=\"\" srcset=\"http:\/\/sifamedikalistanbul.com\/wp-content\/uploads\/2022\/05\/kol-kontroktur-ortezi-1-200x300.jpg 200w, http:\/\/sifamedikalistanbul.com\/wp-content\/uploads\/2022\/05\/kol-kontroktur-ortezi-1-683x1024.jpg 683w, http:\/\/sifamedikalistanbul.com\/wp-content\/uploads\/2022\/05\/kol-kontroktur-ortezi-1-768x1152.jpg 768w, http:\/\/sifamedikalistanbul.com\/wp-content\/uploads\/2022\/05\/kol-kontroktur-ortezi-1-1024x1536.jpg 1024w, http:\/\/sifamedikalistanbul.com\/wp-content\/uploads\/2022\/05\/kol-kontroktur-ortezi-1.jpg 1200w\" sizes=\"auto, 100vw\" \/>\t\t\t\t\t\t\t\t<\/a>\n\t\t\t\t\t\t\t\t\t\t\t<figcaption class=\"widget-image-caption wp-caption-text\">Kol Kontrokt\u00fcr Ortezi<\/figcaption>\n\t\t\t\t\t\t\t\t\t\t<\/figure>\n\t\t\t\t\t\t\t\t\t<\/div>\n\t\t\t\t<\/div>\n\t\t\t\t\t<\/div>\n\t\t<\/div>\n\t\t\t\t<div class=\"elementor-column elementor-col-33 elementor-top-column elementor-element elementor-element-4044796\" data-id=\"4044796\" data-element_type=\"column\">\n\t\t\t<div class=\"elementor-widget-wrap elementor-element-populated\">\n\t\t\t\t\t\t\t\t<div class=\"elementor-element elementor-element-63a00ce elementor-invisible elementor-widget elementor-widget-image\" data-id=\"63a00ce\" data-element_type=\"widget\" data-settings=\"{&quot;_animation&quot;:&quot;fadeIn&quot;}\" data-widget_type=\"image.default\">\n\t\t\t\t<div class=\"elementor-widget-container\">\n\t\t\t\t\t\t\t\t\t\t\t\t<figure class=\"wp-caption\">\n\t\t\t\t\t\t\t\t\t\t\t<a href=\"http:\/\/sifamedikalistanbul.com\/?p=13668\">\n\t\t\t\t\t\t\t<img loading=\"lazy\" decoding=\"async\" width=\"200\" height=\"300\" src=\"http:\/\/sifamedikalistanbul.com\/wp-content\/uploads\/2022\/05\/omuz-destekleyicisi-unv.-1-200x300.jpg\" class=\"elementor-animation-grow attachment-medium size-medium wp-image-12621\" alt=\"\" srcset=\"http:\/\/sifamedikalistanbul.com\/wp-content\/uploads\/2022\/05\/omuz-destekleyicisi-unv.-1-200x300.jpg 200w, http:\/\/sifamedikalistanbul.com\/wp-content\/uploads\/2022\/05\/omuz-destekleyicisi-unv.-1-683x1024.jpg 683w, http:\/\/sifamedikalistanbul.com\/wp-content\/uploads\/2022\/05\/omuz-destekleyicisi-unv.-1-768x1152.jpg 768w, http:\/\/sifamedikalistanbul.com\/wp-content\/uploads\/2022\/05\/omuz-destekleyicisi-unv.-1-1024x1536.jpg 1024w, http:\/\/sifamedikalistanbul.com\/wp-content\/uploads\/2022\/05\/omuz-destekleyicisi-unv.-1.jpg 1200w\" sizes=\"auto, 100vw\" \/>\t\t\t\t\t\t\t\t<\/a>\n\t\t\t\t\t\t\t\t\t\t\t<figcaption class=\"widget-image-caption wp-caption-text\">Omuz Destekleyicisi Unv.<\/figcaption>\n\t\t\t\t\t\t\t\t\t\t<\/figure>\n\t\t\t\t\t\t\t\t\t<\/div>\n\t\t\t\t<\/div>\n\t\t\t\t\t<\/div>\n\t\t<\/div>\n\t\t\t\t<div class=\"elementor-column elementor-col-33 elementor-top-column elementor-element elementor-element-b0c9392\" data-id=\"b0c9392\" data-element_type=\"column\">\n\t\t\t<div class=\"elementor-widget-wrap elementor-element-populated\">\n\t\t\t\t\t\t\t\t<div class=\"elementor-element elementor-element-a62e5ae elementor-invisible elementor-widget elementor-widget-image\" data-id=\"a62e5ae\" data-element_type=\"widget\" data-settings=\"{&quot;_animation&quot;:&quot;fadeIn&quot;}\" data-widget_type=\"image.default\">\n\t\t\t\t<div class=\"elementor-widget-container\">\n\t\t\t\t\t\t\t\t\t\t\t\t<figure class=\"wp-caption\">\n\t\t\t\t\t\t\t\t\t\t\t<a href=\"http:\/\/sifamedikalistanbul.com\/?p=13678\">\n\t\t\t\t\t\t\t<img loading=\"lazy\" decoding=\"async\" width=\"200\" height=\"300\" src=\"http:\/\/sifamedikalistanbul.com\/wp-content\/uploads\/2022\/05\/omuz-destekleyicisi-200x300.jpg\" class=\"elementor-animation-grow attachment-medium size-medium wp-image-12622\" alt=\"\" srcset=\"http:\/\/sifamedikalistanbul.com\/wp-content\/uploads\/2022\/05\/omuz-destekleyicisi-200x300.jpg 200w, http:\/\/sifamedikalistanbul.com\/wp-content\/uploads\/2022\/05\/omuz-destekleyicisi-683x1024.jpg 683w, http:\/\/sifamedikalistanbul.com\/wp-content\/uploads\/2022\/05\/omuz-destekleyicisi-768x1152.jpg 768w, http:\/\/sifamedikalistanbul.com\/wp-content\/uploads\/2022\/05\/omuz-destekleyicisi-1024x1536.jpg 1024w, http:\/\/sifamedikalistanbul.com\/wp-content\/uploads\/2022\/05\/omuz-destekleyicisi.jpg 1200w\" sizes=\"auto, 100vw\" \/>\t\t\t\t\t\t\t\t<\/a>\n\t\t\t\t\t\t\t\t\t\t\t<figcaption class=\"widget-image-caption wp-caption-text\">Omuz Destekleyicisi<\/figcaption>\n\t\t\t\t\t\t\t\t\t\t<\/figure>\n\t\t\t\t\t\t\t\t\t<\/div>\n\t\t\t\t<\/div>\n\t\t\t\t\t<\/div>\n\t\t<\/div>\n\t\t\t\t\t\t\t<\/div>\n\t\t<\/section>\n\t\t\t\t<section class=\"elementor-section elementor-top-section elementor-element elementor-element-9cbef5d elementor-section-boxed elementor-section-height-default elementor-section-height-default\" data-id=\"9cbef5d\" data-element_type=\"section\">\n\t\t\t\t\t\t<div class=\"elementor-container elementor-column-gap-default\">\n\t\t\t\t\t<div class=\"elementor-column elementor-col-33 elementor-top-column elementor-element elementor-element-285e3cc\" data-id=\"285e3cc\" data-element_type=\"column\">\n\t\t\t<div class=\"elementor-widget-wrap elementor-element-populated\">\n\t\t\t\t\t\t\t\t<div class=\"elementor-element elementor-element-a621b62 elementor-invisible elementor-widget elementor-widget-image\" data-id=\"a621b62\" data-element_type=\"widget\" data-settings=\"{&quot;_animation&quot;:&quot;fadeIn&quot;}\" data-widget_type=\"image.default\">\n\t\t\t\t<div class=\"elementor-widget-container\">\n\t\t\t\t\t\t\t\t\t\t\t\t<figure class=\"wp-caption\">\n\t\t\t\t\t\t\t\t\t\t\t<a href=\"http:\/\/sifamedikalistanbul.com\/?p=13686\">\n\t\t\t\t\t\t\t<img loading=\"lazy\" decoding=\"async\" width=\"200\" height=\"300\" src=\"http:\/\/sifamedikalistanbul.com\/wp-content\/uploads\/2022\/05\/stimson-bandaji-1-200x300.jpg\" class=\"elementor-animation-grow attachment-medium size-medium wp-image-12623\" alt=\"\" srcset=\"http:\/\/sifamedikalistanbul.com\/wp-content\/uploads\/2022\/05\/stimson-bandaji-1-200x300.jpg 200w, http:\/\/sifamedikalistanbul.com\/wp-content\/uploads\/2022\/05\/stimson-bandaji-1-683x1024.jpg 683w, http:\/\/sifamedikalistanbul.com\/wp-content\/uploads\/2022\/05\/stimson-bandaji-1-768x1152.jpg 768w, http:\/\/sifamedikalistanbul.com\/wp-content\/uploads\/2022\/05\/stimson-bandaji-1-1024x1536.jpg 1024w, http:\/\/sifamedikalistanbul.com\/wp-content\/uploads\/2022\/05\/stimson-bandaji-1.jpg 1200w\" sizes=\"auto, 100vw\" \/>\t\t\t\t\t\t\t\t<\/a>\n\t\t\t\t\t\t\t\t\t\t\t<figcaption class=\"widget-image-caption wp-caption-text\">Stimson Bandaj\u0131<\/figcaption>\n\t\t\t\t\t\t\t\t\t\t<\/figure>\n\t\t\t\t\t\t\t\t\t<\/div>\n\t\t\t\t<\/div>\n\t\t\t\t\t<\/div>\n\t\t<\/div>\n\t\t\t\t<div class=\"elementor-column elementor-col-33 elementor-top-column elementor-element elementor-element-81bb521\" data-id=\"81bb521\" data-element_type=\"column\">\n\t\t\t<div class=\"elementor-widget-wrap elementor-element-populated\">\n\t\t\t\t\t\t\t\t<div class=\"elementor-element elementor-element-5bafd2f elementor-invisible elementor-widget elementor-widget-image\" data-id=\"5bafd2f\" data-element_type=\"widget\" data-settings=\"{&quot;_animation&quot;:&quot;fadeIn&quot;}\" data-widget_type=\"image.default\">\n\t\t\t\t<div class=\"elementor-widget-container\">\n\t\t\t\t\t\t\t\t\t\t\t\t<figure class=\"wp-caption\">\n\t\t\t\t\t\t\t\t\t\t\t<a href=\"http:\/\/sifamedikalistanbul.com\/?p=13693\">\n\t\t\t\t\t\t\t<img loading=\"lazy\" decoding=\"async\" width=\"200\" height=\"300\" src=\"http:\/\/sifamedikalistanbul.com\/wp-content\/uploads\/2022\/05\/velpo-bandaji-1-200x300.jpg\" class=\"elementor-animation-grow attachment-medium size-medium wp-image-12624\" alt=\"\" srcset=\"http:\/\/sifamedikalistanbul.com\/wp-content\/uploads\/2022\/05\/velpo-bandaji-1-200x300.jpg 200w, http:\/\/sifamedikalistanbul.com\/wp-content\/uploads\/2022\/05\/velpo-bandaji-1-683x1024.jpg 683w, http:\/\/sifamedikalistanbul.com\/wp-content\/uploads\/2022\/05\/velpo-bandaji-1-768x1152.jpg 768w, http:\/\/sifamedikalistanbul.com\/wp-content\/uploads\/2022\/05\/velpo-bandaji-1-1024x1536.jpg 1024w, http:\/\/sifamedikalistanbul.com\/wp-content\/uploads\/2022\/05\/velpo-bandaji-1.jpg 1200w\" sizes=\"auto, 100vw\" \/>\t\t\t\t\t\t\t\t<\/a>\n\t\t\t\t\t\t\t\t\t\t\t<figcaption class=\"widget-image-caption wp-caption-text\">Velpo Bandaj\u0131<\/figcaption>\n\t\t\t\t\t\t\t\t\t\t<\/figure>\n\t\t\t\t\t\t\t\t\t<\/div>\n\t\t\t\t<\/div>\n\t\t\t\t\t<\/div>\n\t\t<\/div>\n\t\t\t\t<div class=\"elementor-column elementor-col-33 elementor-top-column elementor-element elementor-element-044d53b\" data-id=\"044d53b\" data-element_type=\"column\">\n\t\t\t<div class=\"elementor-widget-wrap\">\n\t\t\t\t\t\t\t\t\t<\/div>\n\t\t<\/div>\n\t\t\t\t\t\t\t<\/div>\n\t\t<\/section>\n\t\t\t\t\t\t\t<\/div>\n\t\t","protected":false},"excerpt":{"rendered":"<p>Clavicula Bandaj\u0131 Clavicula Bandaj\u0131 Ten Rengi Humerus Breysi Kol Ask\u0131s\u0131 Fileli Kol Ask\u0131s\u0131 Kol Kontrokt\u00fcr Ortezi Ask\u0131s\u0131z Kol Kontrokt\u00fcr Ortezi Omuz Destekleyicisi Unv. Omuz Destekleyicisi Stimson Bandaj\u0131 Velpo Bandaj\u0131<\/p>\n","protected":false},"author":1,"featured_media":0,"parent":0,"menu_order":0,"comment_status":"closed","ping_status":"closed","template":"","meta":{"footnotes":""},"class_list":["post-12397","page","type-page","status-publish","hentry"],"_links":{"self":[{"href":"http:\/\/sifamedikalistanbul.com\/index.php?rest_route=\/wp\/v2\/pages\/12397","targetHints":{"allow":["GET"]}}],"collection":[{"href":"http:\/\/sifamedikalistanbul.com\/index.php?rest_route=\/wp\/v2\/pages"}],"about":[{"href":"http:\/\/sifamedikalistanbul.com\/index.php?rest_route=\/wp\/v2\/types\/page"}],"author":[{"embeddable":true,"href":"http:\/\/sifamedikalistanbul.com\/index.php?rest_route=\/wp\/v2\/users\/1"}],"replies":[{"embeddable":true,"href":"http:\/\/sifamedikalistanbul.com\/index.php?rest_route=%2Fwp%2Fv2%2Fcomments&post=12397"}],"version-history":[{"count":7,"href":"http:\/\/sifamedikalistanbul.com\/index.php?rest_route=\/wp\/v2\/pages\/12397\/revisions"}],"predecessor-version":[{"id":14042,"href":"http:\/\/sifamedikalistanbul.com\/index.php?rest_route=\/wp\/v2\/pages\/12397\/revisions\/14042"}],"wp:attachment":[{"href":"http:\/\/sifamedikalistanbul.com\/index.php?rest_route=%2Fwp%2Fv2%2Fmedia&parent=12397"}],"curies":[{"name":"wp","href":"https:\/\/api.w.org\/{rel}","templated":true}]}}