{"id":12362,"date":"2022-05-30T18:22:56","date_gmt":"2022-05-30T18:22:56","guid":{"rendered":"http:\/\/sifamedikalistanbul.com\/?page_id=12362"},"modified":"2022-07-26T01:11:16","modified_gmt":"2022-07-26T01:11:16","slug":"solunum","status":"publish","type":"page","link":"http:\/\/sifamedikalistanbul.com\/?page_id=12362","title":{"rendered":"Solunum"},"content":{"rendered":"\t\t<div data-elementor-type=\"wp-page\" data-elementor-id=\"12362\" class=\"elementor elementor-12362\">\n\t\t\t\t\t\t\t\t\t<section class=\"elementor-section elementor-top-section elementor-element elementor-element-bd6e67 elementor-section-boxed elementor-section-height-default elementor-section-height-default\" data-id=\"bd6e67\" data-element_type=\"section\">\n\t\t\t\t\t\t<div class=\"elementor-container elementor-column-gap-default\">\n\t\t\t\t\t<div class=\"elementor-column elementor-col-33 elementor-top-column elementor-element elementor-element-7bedbe81\" data-id=\"7bedbe81\" data-element_type=\"column\">\n\t\t\t<div class=\"elementor-widget-wrap elementor-element-populated\">\n\t\t\t\t\t\t\t\t<div class=\"elementor-element elementor-element-549ba07b elementor-invisible elementor-widget elementor-widget-image\" data-id=\"549ba07b\" data-element_type=\"widget\" data-settings=\"{&quot;_animation&quot;:&quot;fadeIn&quot;}\" data-widget_type=\"image.default\">\n\t\t\t\t<div class=\"elementor-widget-container\">\n\t\t\t<style>\/*! elementor - v3.10.1 - 17-01-2023 *\/\n.elementor-widget-image{text-align:center}.elementor-widget-image a{display:inline-block}.elementor-widget-image a img[src$=\".svg\"]{width:48px}.elementor-widget-image img{vertical-align:middle;display:inline-block}<\/style>\t\t\t\t\t\t\t\t\t<figure class=\"wp-caption\">\n\t\t\t\t\t\t\t\t\t\t\t<a href=\"http:\/\/sifamedikalistanbul.com\/?page_id=12409\">\n\t\t\t\t\t\t\t<img loading=\"lazy\" decoding=\"async\" width=\"227\" height=\"300\" src=\"http:\/\/sifamedikalistanbul.com\/wp-content\/uploads\/2022\/06\/oksijen-tupleri-son-hal-227x300.png\" class=\"attachment-medium size-medium wp-image-12740\" alt=\"\" srcset=\"http:\/\/sifamedikalistanbul.com\/wp-content\/uploads\/2022\/06\/oksijen-tupleri-son-hal-227x300.png 227w, http:\/\/sifamedikalistanbul.com\/wp-content\/uploads\/2022\/06\/oksijen-tupleri-son-hal.png 435w\" sizes=\"auto, 100vw\" \/>\t\t\t\t\t\t\t\t<\/a>\n\t\t\t\t\t\t\t\t\t\t\t<figcaption class=\"widget-image-caption wp-caption-text\">Oksijen T\u00fcp\u00fc<\/figcaption>\n\t\t\t\t\t\t\t\t\t\t<\/figure>\n\t\t\t\t\t\t\t\t\t<\/div>\n\t\t\t\t<\/div>\n\t\t\t\t\t<\/div>\n\t\t<\/div>\n\t\t\t\t<div class=\"elementor-column elementor-col-33 elementor-top-column elementor-element elementor-element-6e305838\" data-id=\"6e305838\" data-element_type=\"column\">\n\t\t\t<div class=\"elementor-widget-wrap elementor-element-populated\">\n\t\t\t\t\t\t\t\t<div class=\"elementor-element elementor-element-5d7ba39e elementor-invisible elementor-widget elementor-widget-image\" data-id=\"5d7ba39e\" data-element_type=\"widget\" data-settings=\"{&quot;_animation&quot;:&quot;fadeIn&quot;}\" data-widget_type=\"image.default\">\n\t\t\t\t<div class=\"elementor-widget-container\">\n\t\t\t\t\t\t\t\t\t\t\t\t<figure class=\"wp-caption\">\n\t\t\t\t\t\t\t\t\t\t\t<a href=\"http:\/\/sifamedikalistanbul.com\/?page_id=12411\">\n\t\t\t\t\t\t\t<img loading=\"lazy\" decoding=\"async\" width=\"300\" height=\"300\" src=\"http:\/\/sifamedikalistanbul.com\/wp-content\/uploads\/2022\/07\/philips-5-lt-1-300x300.jpg\" class=\"attachment-medium size-medium wp-image-15598\" alt=\"\" srcset=\"http:\/\/sifamedikalistanbul.com\/wp-content\/uploads\/2022\/07\/philips-5-lt-1-300x300.jpg 300w, http:\/\/sifamedikalistanbul.com\/wp-content\/uploads\/2022\/07\/philips-5-lt-1-1024x1024.jpg 1024w, http:\/\/sifamedikalistanbul.com\/wp-content\/uploads\/2022\/07\/philips-5-lt-1-150x150.jpg 150w, http:\/\/sifamedikalistanbul.com\/wp-content\/uploads\/2022\/07\/philips-5-lt-1-768x768.jpg 768w, http:\/\/sifamedikalistanbul.com\/wp-content\/uploads\/2022\/07\/philips-5-lt-1.jpg 1200w\" sizes=\"auto, 100vw\" \/>\t\t\t\t\t\t\t\t<\/a>\n\t\t\t\t\t\t\t\t\t\t\t<figcaption class=\"widget-image-caption wp-caption-text\">Oksijen Konsantrat\u00f6r\u00fc<\/figcaption>\n\t\t\t\t\t\t\t\t\t\t<\/figure>\n\t\t\t\t\t\t\t\t\t<\/div>\n\t\t\t\t<\/div>\n\t\t\t\t\t<\/div>\n\t\t<\/div>\n\t\t\t\t<div class=\"elementor-column elementor-col-33 elementor-top-column elementor-element elementor-element-4eb8a7aa\" data-id=\"4eb8a7aa\" data-element_type=\"column\">\n\t\t\t<div class=\"elementor-widget-wrap elementor-element-populated\">\n\t\t\t\t\t\t\t\t<div class=\"elementor-element elementor-element-74ee856e elementor-invisible elementor-widget elementor-widget-image\" data-id=\"74ee856e\" data-element_type=\"widget\" data-settings=\"{&quot;_animation&quot;:&quot;fadeIn&quot;}\" data-widget_type=\"image.default\">\n\t\t\t\t<div class=\"elementor-widget-container\">\n\t\t\t\t\t\t\t\t\t\t\t\t<figure class=\"wp-caption\">\n\t\t\t\t\t\t\t\t\t\t\t<a href=\"http:\/\/sifamedikalistanbul.com\/?page_id=12413\">\n\t\t\t\t\t\t\t<img loading=\"lazy\" decoding=\"async\" width=\"300\" height=\"225\" src=\"http:\/\/sifamedikalistanbul.com\/wp-content\/uploads\/2022\/05\/bpap-cpap-300x225.jpeg\" class=\"attachment-medium size-medium wp-image-12727\" alt=\"\" srcset=\"http:\/\/sifamedikalistanbul.com\/wp-content\/uploads\/2022\/05\/bpap-cpap-300x225.jpeg 300w, http:\/\/sifamedikalistanbul.com\/wp-content\/uploads\/2022\/05\/bpap-cpap-1024x768.jpeg 1024w, http:\/\/sifamedikalistanbul.com\/wp-content\/uploads\/2022\/05\/bpap-cpap-768x576.jpeg 768w, http:\/\/sifamedikalistanbul.com\/wp-content\/uploads\/2022\/05\/bpap-cpap-1536x1152.jpeg 1536w, http:\/\/sifamedikalistanbul.com\/wp-content\/uploads\/2022\/05\/bpap-cpap.jpeg 1600w\" sizes=\"auto, 100vw\" \/>\t\t\t\t\t\t\t\t<\/a>\n\t\t\t\t\t\t\t\t\t\t\t<figcaption class=\"widget-image-caption wp-caption-text\">BPAP - CPAP Cihazlar\u0131<\/figcaption>\n\t\t\t\t\t\t\t\t\t\t<\/figure>\n\t\t\t\t\t\t\t\t\t<\/div>\n\t\t\t\t<\/div>\n\t\t\t\t\t<\/div>\n\t\t<\/div>\n\t\t\t\t\t\t\t<\/div>\n\t\t<\/section>\n\t\t\t\t<section class=\"elementor-section elementor-top-section elementor-element elementor-element-7e423faf elementor-section-boxed elementor-section-height-default elementor-section-height-default\" data-id=\"7e423faf\" data-element_type=\"section\">\n\t\t\t\t\t\t<div class=\"elementor-container elementor-column-gap-default\">\n\t\t\t\t\t<div class=\"elementor-column elementor-col-33 elementor-top-column elementor-element elementor-element-7ddf5136\" data-id=\"7ddf5136\" data-element_type=\"column\">\n\t\t\t<div class=\"elementor-widget-wrap elementor-element-populated\">\n\t\t\t\t\t\t\t\t<div class=\"elementor-element elementor-element-5b560a1f elementor-invisible elementor-widget elementor-widget-image\" data-id=\"5b560a1f\" data-element_type=\"widget\" data-settings=\"{&quot;_animation&quot;:&quot;fadeIn&quot;}\" data-widget_type=\"image.default\">\n\t\t\t\t<div class=\"elementor-widget-container\">\n\t\t\t\t\t\t\t\t\t\t\t\t<figure class=\"wp-caption\">\n\t\t\t\t\t\t\t\t\t\t\t<a href=\"http:\/\/sifamedikalistanbul.com\/?page_id=12419\">\n\t\t\t\t\t\t\t<img loading=\"lazy\" decoding=\"async\" width=\"300\" height=\"225\" src=\"http:\/\/sifamedikalistanbul.com\/wp-content\/uploads\/2022\/05\/aspirator-300x225.jpeg\" class=\"attachment-medium size-medium wp-image-12728\" alt=\"\" srcset=\"http:\/\/sifamedikalistanbul.com\/wp-content\/uploads\/2022\/05\/aspirator-300x225.jpeg 300w, http:\/\/sifamedikalistanbul.com\/wp-content\/uploads\/2022\/05\/aspirator-1024x768.jpeg 1024w, http:\/\/sifamedikalistanbul.com\/wp-content\/uploads\/2022\/05\/aspirator-768x576.jpeg 768w, http:\/\/sifamedikalistanbul.com\/wp-content\/uploads\/2022\/05\/aspirator-1536x1152.jpeg 1536w, http:\/\/sifamedikalistanbul.com\/wp-content\/uploads\/2022\/05\/aspirator.jpeg 1600w\" sizes=\"auto, 100vw\" \/>\t\t\t\t\t\t\t\t<\/a>\n\t\t\t\t\t\t\t\t\t\t\t<figcaption class=\"widget-image-caption wp-caption-text\">Aspirat\u00f6r<\/figcaption>\n\t\t\t\t\t\t\t\t\t\t<\/figure>\n\t\t\t\t\t\t\t\t\t<\/div>\n\t\t\t\t<\/div>\n\t\t\t\t\t<\/div>\n\t\t<\/div>\n\t\t\t\t<div class=\"elementor-column elementor-col-33 elementor-top-column elementor-element elementor-element-40d9261\" data-id=\"40d9261\" data-element_type=\"column\">\n\t\t\t<div class=\"elementor-widget-wrap elementor-element-populated\">\n\t\t\t\t\t\t\t\t<div class=\"elementor-element elementor-element-1a1aa96b elementor-invisible elementor-widget elementor-widget-image\" data-id=\"1a1aa96b\" data-element_type=\"widget\" data-settings=\"{&quot;_animation&quot;:&quot;fadeIn&quot;}\" data-widget_type=\"image.default\">\n\t\t\t\t<div class=\"elementor-widget-container\">\n\t\t\t\t\t\t\t\t\t\t\t\t<figure class=\"wp-caption\">\n\t\t\t\t\t\t\t\t\t\t\t<a href=\"http:\/\/sifamedikalistanbul.com\/?page_id=12417\">\n\t\t\t\t\t\t\t<img loading=\"lazy\" decoding=\"async\" width=\"300\" height=\"300\" src=\"http:\/\/sifamedikalistanbul.com\/wp-content\/uploads\/2022\/07\/omron-c28-p-300x300.jpg\" class=\"attachment-medium size-medium wp-image-15615\" alt=\"\" srcset=\"http:\/\/sifamedikalistanbul.com\/wp-content\/uploads\/2022\/07\/omron-c28-p-300x300.jpg 300w, http:\/\/sifamedikalistanbul.com\/wp-content\/uploads\/2022\/07\/omron-c28-p-150x150.jpg 150w, http:\/\/sifamedikalistanbul.com\/wp-content\/uploads\/2022\/07\/omron-c28-p.jpg 600w\" sizes=\"auto, 100vw\" \/>\t\t\t\t\t\t\t\t<\/a>\n\t\t\t\t\t\t\t\t\t\t\t<figcaption class=\"widget-image-caption wp-caption-text\">Nebulizat\u00f6r<\/figcaption>\n\t\t\t\t\t\t\t\t\t\t<\/figure>\n\t\t\t\t\t\t\t\t\t<\/div>\n\t\t\t\t<\/div>\n\t\t\t\t\t<\/div>\n\t\t<\/div>\n\t\t\t\t<div class=\"elementor-column elementor-col-33 elementor-top-column elementor-element elementor-element-2994187f\" data-id=\"2994187f\" data-element_type=\"column\">\n\t\t\t<div class=\"elementor-widget-wrap elementor-element-populated\">\n\t\t\t\t\t\t\t\t<div class=\"elementor-element elementor-element-dadbb24 elementor-invisible elementor-widget elementor-widget-image\" data-id=\"dadbb24\" data-element_type=\"widget\" data-settings=\"{&quot;_animation&quot;:&quot;fadeIn&quot;}\" data-widget_type=\"image.default\">\n\t\t\t\t<div class=\"elementor-widget-container\">\n\t\t\t\t\t\t\t\t\t\t\t\t<figure class=\"wp-caption\">\n\t\t\t\t\t\t\t\t\t\t\t<a href=\"http:\/\/sifamedikalistanbul.com\/?page_id=12415\">\n\t\t\t\t\t\t\t<img loading=\"lazy\" decoding=\"async\" width=\"300\" height=\"300\" src=\"http:\/\/sifamedikalistanbul.com\/wp-content\/uploads\/2022\/07\/oksijen-maskesi-300x300.jpg\" class=\"attachment-medium size-medium wp-image-15626\" alt=\"\" srcset=\"http:\/\/sifamedikalistanbul.com\/wp-content\/uploads\/2022\/07\/oksijen-maskesi-300x300.jpg 300w, http:\/\/sifamedikalistanbul.com\/wp-content\/uploads\/2022\/07\/oksijen-maskesi-150x150.jpg 150w, http:\/\/sifamedikalistanbul.com\/wp-content\/uploads\/2022\/07\/oksijen-maskesi-768x768.jpg 768w, http:\/\/sifamedikalistanbul.com\/wp-content\/uploads\/2022\/07\/oksijen-maskesi.jpg 800w\" sizes=\"auto, 100vw\" \/>\t\t\t\t\t\t\t\t<\/a>\n\t\t\t\t\t\t\t\t\t\t\t<figcaption class=\"widget-image-caption wp-caption-text\">Sarf Malzemeleri<\/figcaption>\n\t\t\t\t\t\t\t\t\t\t<\/figure>\n\t\t\t\t\t\t\t\t\t<\/div>\n\t\t\t\t<\/div>\n\t\t\t\t\t<\/div>\n\t\t<\/div>\n\t\t\t\t\t\t\t<\/div>\n\t\t<\/section>\n\t\t\t\t\t\t\t<\/div>\n\t\t","protected":false},"excerpt":{"rendered":"<p>Oksijen T\u00fcp\u00fc Oksijen Konsantrat\u00f6r\u00fc BPAP &#8211; CPAP Cihazlar\u0131 Aspirat\u00f6r Nebulizat\u00f6r Sarf Malzemeleri<\/p>\n","protected":false},"author":1,"featured_media":0,"parent":0,"menu_order":0,"comment_status":"closed","ping_status":"closed","template":"","meta":{"footnotes":""},"class_list":["post-12362","page","type-page","status-publish","hentry"],"_links":{"self":[{"href":"http:\/\/sifamedikalistanbul.com\/index.php?rest_route=\/wp\/v2\/pages\/12362","targetHints":{"allow":["GET"]}}],"collection":[{"href":"http:\/\/sifamedikalistanbul.com\/index.php?rest_route=\/wp\/v2\/pages"}],"about":[{"href":"http:\/\/sifamedikalistanbul.com\/index.php?rest_route=\/wp\/v2\/types\/page"}],"author":[{"embeddable":true,"href":"http:\/\/sifamedikalistanbul.com\/index.php?rest_route=\/wp\/v2\/users\/1"}],"replies":[{"embeddable":true,"href":"http:\/\/sifamedikalistanbul.com\/index.php?rest_route=%2Fwp%2Fv2%2Fcomments&post=12362"}],"version-history":[{"count":17,"href":"http:\/\/sifamedikalistanbul.com\/index.php?rest_route=\/wp\/v2\/pages\/12362\/revisions"}],"predecessor-version":[{"id":15647,"href":"http:\/\/sifamedikalistanbul.com\/index.php?rest_route=\/wp\/v2\/pages\/12362\/revisions\/15647"}],"wp:attachment":[{"href":"http:\/\/sifamedikalistanbul.com\/index.php?rest_route=%2Fwp%2Fv2%2Fmedia&parent=12362"}],"curies":[{"name":"wp","href":"https:\/\/api.w.org\/{rel}","templated":true}]}}